{"id":29,"date":"2016-02-05T09:40:49","date_gmt":"2016-02-05T08:40:49","guid":{"rendered":"https:\/\/novaproduction.eu\/?page_id=29"},"modified":"2018-07-16T10:18:24","modified_gmt":"2018-07-16T08:18:24","slug":"tlumaczenia","status":"publish","type":"page","link":"https:\/\/novaproduction.eu\/en\/oferta-dla-muzeow-audioprzewodniki-i-nagrania\/tlumaczenia\/","title":{"rendered":"T\u0142umaczenia"},"content":{"rendered":"<p>Nasza oferta obejmuje  r\u00f3wnie\u017c t\u0142umaczenie opracowanego przez  Pa\u0144stwa tekstu, kt\u00f3ry odtwarzany by\u0142by z audioprzewodnik\u00f3w. Dysponujemy  zespo\u0142em wyspecjalizowanych t\u0142umaczy, obeznanych z tematyk\u0105 historyczno-muzealn\u0105. Nasze t\u0142umaczenia wykorzystane zosta\u0142y m.in. w  Muzeum Narodowym w Krakowie, w Muzeum Wojska Polskiego w Warszawie, w Muzeum Przyrodniczym w Berlinie, w Muzeum BMW, na Uniwersytecie Warszawskim, w Muzeum Sportu, w Muzeum Zabawek w Norymberdze, itd.<br \/>\nDodatkowej korekty t\u0142umacze\u0144 dokonuj\u0105 native-speakerzy.<br \/>\nNasi t\u0142umacze wykonali r\u00f3wnie\u017c t\u0142umaczenie trasy zwiedzania na j\u0119zyk polski w renomowanym Niemieckim Muzeum Historycznym w Berlinie i pa\u0142acu  Sanssouci w Poczdamie.<\/p>\n","protected":false},"excerpt":{"rendered":"<p>Nasza oferta obejmuje r\u00f3wnie\u017c t\u0142umaczenie opracowanego przez Pa\u0144stwa tekstu, kt\u00f3ry odtwarzany by\u0142by z audioprzewodnik\u00f3w. Dysponujemy zespo\u0142em wyspecjalizowanych t\u0142umaczy, obeznanych z tematyk\u0105 historyczno-muzealn\u0105. Nasze t\u0142umaczenia wykorzystane zosta\u0142y m.in. w Muzeum Narodowym w Krakowie, w Muzeum Wojska Polskiego w Warszawie, w Muzeum Przyrodniczym w Berlinie, w Muzeum BMW, na Uniwersytecie Warszawskim, w Muzeum Sportu, w Muzeum Zabawek w Norymberdze, itd. Dodatkowej korekty&#8230; <a href=\"https:\/\/novaproduction.eu\/en\/oferta-dla-muzeow-audioprzewodniki-i-nagrania\/tlumaczenia\/\">Read more &raquo;<\/a><\/p>\n","protected":false},"author":4,"featured_media":0,"parent":21,"menu_order":0,"comment_status":"closed","ping_status":"closed","template":"","meta":{"footnotes":""},"class_list":["post-29","page","type-page","status-publish","hentry"],"_links":{"self":[{"href":"https:\/\/novaproduction.eu\/en\/wp-json\/wp\/v2\/pages\/29","targetHints":{"allow":["GET"]}}],"collection":[{"href":"https:\/\/novaproduction.eu\/en\/wp-json\/wp\/v2\/pages"}],"about":[{"href":"https:\/\/novaproduction.eu\/en\/wp-json\/wp\/v2\/types\/page"}],"author":[{"embeddable":true,"href":"https:\/\/novaproduction.eu\/en\/wp-json\/wp\/v2\/users\/4"}],"replies":[{"embeddable":true,"href":"https:\/\/novaproduction.eu\/en\/wp-json\/wp\/v2\/comments?post=29"}],"version-history":[{"count":2,"href":"https:\/\/novaproduction.eu\/en\/wp-json\/wp\/v2\/pages\/29\/revisions"}],"predecessor-version":[{"id":135,"href":"https:\/\/novaproduction.eu\/en\/wp-json\/wp\/v2\/pages\/29\/revisions\/135"}],"up":[{"embeddable":true,"href":"https:\/\/novaproduction.eu\/en\/wp-json\/wp\/v2\/pages\/21"}],"wp:attachment":[{"href":"https:\/\/novaproduction.eu\/en\/wp-json\/wp\/v2\/media?parent=29"}],"curies":[{"name":"wp","href":"https:\/\/api.w.org\/{rel}","templated":true}]}}