{"id":37,"date":"2016-02-05T09:42:28","date_gmt":"2016-02-05T08:42:28","guid":{"rendered":"https:\/\/novaproduction.eu\/?page_id=37"},"modified":"2018-07-16T10:13:12","modified_gmt":"2018-07-16T08:13:12","slug":"lista-zrealizowanych-projektow","status":"publish","type":"page","link":"https:\/\/novaproduction.eu\/en\/referencje\/lista-zrealizowanych-projektow\/","title":{"rendered":"Lista zrealizowanych projekt\u00f3w"},"content":{"rendered":"<p><strong>Lista zrealizowanych projekt\u00f3w (dostawy audioprzewodnik\u00f3w, t\u0142umaczenia, nagrania, aktualizacje nagra\u0144)<\/strong><\/p>\n<ul>\n<li>Muzeum Narodowe w Krakowie \u2013 Galeria \u201eBro\u0144 i Barwa w Polsce\u201d<\/li>\n<li>Muzeum Narodowe w Krakowie \u2013 Galeria Sztuki Polskiej XX w.<\/li>\n<li>Muzeum Narodowe W Krakowie \u2013 Galeria Sztuki Polskiej XIX w Sukiennicach \u2013 wystawa sta\u0142a<\/li>\n<li>Muzeum Narodowe W Krakowie \u2013 Dom Jana Matejki \u2013 wystawa sta\u0142a<\/li>\n<li>Muzeum Narodowe W Krakowie \u2013 Pa\u0142ac Biskupa Erazma Cio\u0142ka \u2013 wystawa sta\u0142a<\/li>\n<li>Muzeum Narodowe w Krakowie \u2013 wystawa Maria Mater<\/li>\n<li>Muzeum Narodowe w Krakowie \u2013 wystawa Wyspia\u0144ski<\/li>\n<li>Muzeum Narodowe w Krakowie \u2013 wystawa Turner<\/li>\n<li>Muzeum Narodowe w Krakowie \u2013 Galeria Rzemios\u0142a Artystycznego<\/li>\n<li>Muzeum Powstania Warszawskiego \u2013 wystawa sta\u0142a<\/li>\n<li>Europejskie Centrum Solidarno\u015bci<\/li>\n<li>Centralne Muzeum Morskie w Gda\u0144sku \u2013 Dar Pomorza \u2013 wystawa sta\u0142a<\/li>\n<li>Narodowe Muzeum Morskie w Gda\u0144sku<\/li>\n<li>Skansen w Kolbuszowej \u2013 wystawa sta\u0142a<\/li>\n<li>Faktoria \u2013 Centrum Kultury i Sportu w Pruszczu Gda\u0144skim<\/li>\n<li>Muzeum Sztuki Nowoczesnej w Warszawie<\/li>\n<li>Muzeum w Gliwicach<\/li>\n<li>Firma Soundgarden Audioguidance<\/li>\n<li>Firma Defence 24<\/li>\n<li>Firma Elektro-Zar<\/li>\n<li>Fundacja w paski \u2013 projekt \u201eMa\u0142opolska roma\u0144ska\u201d.<\/li>\n<li>Firma Koma Nord<\/li>\n<li>Fundacja Turystyki Niepe\u0142nosprawnych Beskid<\/li>\n<li>Firma Polmark<\/li>\n<li>Firma Led Glas<\/li>\n<\/ul>\n<p>&nbsp;<\/p>\n","protected":false},"excerpt":{"rendered":"<p>Lista zrealizowanych projekt\u00f3w (dostawy audioprzewodnik\u00f3w, t\u0142umaczenia, nagrania, aktualizacje nagra\u0144) Muzeum Narodowe w Krakowie \u2013 Galeria \u201eBro\u0144 i Barwa w Polsce\u201d Muzeum Narodowe w Krakowie \u2013 Galeria Sztuki Polskiej XX w. Muzeum Narodowe W Krakowie \u2013 Galeria Sztuki Polskiej XIX w Sukiennicach \u2013 wystawa sta\u0142a Muzeum Narodowe W Krakowie \u2013 Dom Jana Matejki \u2013 wystawa sta\u0142a Muzeum Narodowe W Krakowie \u2013&#8230; <a href=\"https:\/\/novaproduction.eu\/en\/referencje\/lista-zrealizowanych-projektow\/\">Read more &raquo;<\/a><\/p>\n","protected":false},"author":4,"featured_media":0,"parent":33,"menu_order":0,"comment_status":"closed","ping_status":"closed","template":"","meta":{"footnotes":""},"class_list":["post-37","page","type-page","status-publish","hentry"],"_links":{"self":[{"href":"https:\/\/novaproduction.eu\/en\/wp-json\/wp\/v2\/pages\/37","targetHints":{"allow":["GET"]}}],"collection":[{"href":"https:\/\/novaproduction.eu\/en\/wp-json\/wp\/v2\/pages"}],"about":[{"href":"https:\/\/novaproduction.eu\/en\/wp-json\/wp\/v2\/types\/page"}],"author":[{"embeddable":true,"href":"https:\/\/novaproduction.eu\/en\/wp-json\/wp\/v2\/users\/4"}],"replies":[{"embeddable":true,"href":"https:\/\/novaproduction.eu\/en\/wp-json\/wp\/v2\/comments?post=37"}],"version-history":[{"count":2,"href":"https:\/\/novaproduction.eu\/en\/wp-json\/wp\/v2\/pages\/37\/revisions"}],"predecessor-version":[{"id":131,"href":"https:\/\/novaproduction.eu\/en\/wp-json\/wp\/v2\/pages\/37\/revisions\/131"}],"up":[{"embeddable":true,"href":"https:\/\/novaproduction.eu\/en\/wp-json\/wp\/v2\/pages\/33"}],"wp:attachment":[{"href":"https:\/\/novaproduction.eu\/en\/wp-json\/wp\/v2\/media?parent=37"}],"curies":[{"name":"wp","href":"https:\/\/api.w.org\/{rel}","templated":true}]}}